{"id":80,"date":"2017-03-21T11:57:27","date_gmt":"2017-03-21T10:57:27","guid":{"rendered":"http:\/\/www.velocite.ch\/?page_id=80"},"modified":"2025-09-08T18:29:44","modified_gmt":"2025-09-08T16:29:44","slug":"notre-profil","status":"publish","type":"page","link":"https:\/\/www.velocite.ch\/en\/notre-profil\/","title":{"rendered":"Team"},"content":{"rendered":"<p><\/p>\n<h3>The v\u00e9locit\u00e9 charts:<\/h3>\n<p>Since the creation of v\u00e9locit\u00e9 many couriers have distinguished themselves in major national, European and world competitions. (We only mention the winners here for clarity).<\/p>\n<h3>Swiss Champions:<\/h3>\n<ul>\n<li>2019, Z\u00fcrich, Christopher Duperrut #204<\/li>\n<li>2018, Lugano, Laurent K\u00fcng #181<\/li>\n<li>2017, Winterthur, Laurent K\u00fcng #181<\/li>\n<li>2016, Vevey, Laurent K\u00fcng #181<\/li>\n<li>2011, Winterthur &amp; Z\u00fcrich, Raphael Pfeiffer #48<\/li>\n<li>2008, Lucerne, Raphael Faiss #07<\/li>\n<li>2005, Geneva, Raphael Faiss #07<\/li>\n<li>2004, Berne, Raphael Faiss #07<\/li>\n<li>2002, Geneva, Dominique Metz #05<\/li>\n<li>2002, Geneva, Kasia Goos #21<\/li>\n<\/ul>\n<h3>World champions:<\/h3>\n<ul>\n<li>2014 Mexico City, Raphael Pfeiffer #48<\/li>\n<li>2013, Lausanne, Josephine Reitzel, #59<\/li>\n<li>2012, Chicago, Josephine Reitzel, #59<\/li>\n<li>2010, Panajachel, Josephine Reitzel, #59<\/li>\n<li>2006, Sidney, Raphael Faiss #07<\/li>\n<li>2004, Edmonton, Raphael Faiss #07<\/li>\n<li>2003, Seattle, Raphael Faiss #07<\/li>\n<\/ul>\n<p><\/p>","protected":false},"excerpt":{"rendered":"<p>The v\u00e9locit\u00e9 charts: Since the creation of v\u00e9locit\u00e9 many couriers have distinguished themselves in major national, European and world competitions. (We only mention the winners here for clarity). Swiss Champions: 2019, Z\u00fcrich, Christopher Duperrut #204 2018, Lugano, Laurent K\u00fcng #181 2017, Winterthur, Laurent K\u00fcng #181 2016, Vevey, Laurent K\u00fcng #181 2011, Winterthur &amp; Z\u00fcrich, Raphael [&hellip;]<\/p>\n","protected":false},"author":10,"featured_media":0,"parent":0,"menu_order":0,"comment_status":"closed","ping_status":"closed","template":"template-staff.php","meta":{"footnotes":""},"_links":{"self":[{"href":"https:\/\/www.velocite.ch\/en\/wp-json\/wp\/v2\/pages\/80"}],"collection":[{"href":"https:\/\/www.velocite.ch\/en\/wp-json\/wp\/v2\/pages"}],"about":[{"href":"https:\/\/www.velocite.ch\/en\/wp-json\/wp\/v2\/types\/page"}],"author":[{"embeddable":true,"href":"https:\/\/www.velocite.ch\/en\/wp-json\/wp\/v2\/users\/10"}],"replies":[{"embeddable":true,"href":"https:\/\/www.velocite.ch\/en\/wp-json\/wp\/v2\/comments?post=80"}],"version-history":[{"count":67,"href":"https:\/\/www.velocite.ch\/en\/wp-json\/wp\/v2\/pages\/80\/revisions"}],"predecessor-version":[{"id":1989,"href":"https:\/\/www.velocite.ch\/en\/wp-json\/wp\/v2\/pages\/80\/revisions\/1989"}],"wp:attachment":[{"href":"https:\/\/www.velocite.ch\/en\/wp-json\/wp\/v2\/media?parent=80"}],"curies":[{"name":"wp","href":"https:\/\/api.w.org\/{rel}","templated":true}]}}