{"id":82,"date":"2017-03-21T12:09:34","date_gmt":"2017-03-21T11:09:34","guid":{"rendered":"http:\/\/www.velocite.ch\/?page_id=82"},"modified":"2022-03-30T15:16:19","modified_gmt":"2022-03-30T13:16:19","slug":"mentions-legales","status":"publish","type":"page","link":"https:\/\/www.velocite.ch\/de\/mentions-legales\/","title":{"rendered":"rechtliche Informationen"},"content":{"rendered":"<p><strong>Firmenname: v\u00e9locit\u00e9 S\u00e0rl<\/strong><br \/><strong> Verantwortlich: <b>Jean-S\u00e9bastien Luy, Laurent K\u00fcng<\/b><\/strong><br \/><strong> Anschrift: Rue Dr. C\u00e9sar-Roux 29, 1005 Lausanne<\/strong><br \/><strong> E-Mail-Adresse: info@velocite.ch<\/strong><br \/><strong> Rechtsform: LLC<\/strong><br \/><strong> Telefonnummer: +41 (0)21 624 24 84<\/strong><br \/><strong> Umsatzsteuer-Identifikationsnummer: CHE-110.251.142 VAT<\/strong><br \/><strong> IDE: CHE-110.251.142<\/strong><br \/><strong> Schlichtungsstelle: PostCom<\/strong><br \/><strong> Vor Anrufung des zust\u00e4ndigen Gerichts hat der Kunde die M\u00f6glichkeit, bei der Schlichtungsstelle von PostCom die Beilegung des Rechtsstreits zu beantragen www.ombud-postcom.ch<\/strong><\/p>\n\n\n<figure class=\"wp-block-image size-large is-resized\"><img loading=\"lazy\" decoding=\"async\" src=\"https:\/\/www.velocite.ch\/wp-content\/uploads\/2020\/04\/Code-QR-copie-1024x1011.png\" alt=\"\" class=\"wp-image-1503\" width=\"256\" height=\"253\" srcset=\"https:\/\/www.velocite.ch\/wp-content\/uploads\/2020\/04\/Code-QR-copie-1024x1011.png 1024w, https:\/\/www.velocite.ch\/wp-content\/uploads\/2020\/04\/Code-QR-copie-300x296.png 300w, https:\/\/www.velocite.ch\/wp-content\/uploads\/2020\/04\/Code-QR-copie-768x758.png 768w, https:\/\/www.velocite.ch\/wp-content\/uploads\/2020\/04\/Code-QR-copie-600x592.png 600w, https:\/\/www.velocite.ch\/wp-content\/uploads\/2020\/04\/Code-QR-copie-100x100.png 100w, https:\/\/www.velocite.ch\/wp-content\/uploads\/2020\/04\/Code-QR-copie.png 1256w\" sizes=\"(max-width: 256px) 100vw, 256px\" \/><figcaption>notre Code QR pour tout paiement par TWINT<\/figcaption><\/figure>","protected":false},"excerpt":{"rendered":"<p>Firmenname: v\u00e9locit\u00e9 S\u00e0rl Verantwortlich: Jean-S\u00e9bastien Luy, Laurent K\u00fcng Anschrift: Rue Dr. C\u00e9sar-Roux 29, 1005 Lausanne E-Mail-Adresse: info@velocite.ch Rechtsform: LLC Telefonnummer: +41 (0)21 624 24 84 Umsatzsteuer-Identifikationsnummer: CHE-110.251.142 VAT IDE: CHE-110.251.142 Schlichtungsstelle: PostCom Vor Anrufung des zust\u00e4ndigen Gerichts hat der Kunde die M\u00f6glichkeit, bei der Schlichtungsstelle von PostCom die Beilegung des Rechtsstreits zu beantragen www.ombud-postcom.ch<\/p>\n","protected":false},"author":10,"featured_media":0,"parent":0,"menu_order":0,"comment_status":"closed","ping_status":"closed","template":"","meta":{"footnotes":""},"_links":{"self":[{"href":"https:\/\/www.velocite.ch\/de\/wp-json\/wp\/v2\/pages\/82"}],"collection":[{"href":"https:\/\/www.velocite.ch\/de\/wp-json\/wp\/v2\/pages"}],"about":[{"href":"https:\/\/www.velocite.ch\/de\/wp-json\/wp\/v2\/types\/page"}],"author":[{"embeddable":true,"href":"https:\/\/www.velocite.ch\/de\/wp-json\/wp\/v2\/users\/10"}],"replies":[{"embeddable":true,"href":"https:\/\/www.velocite.ch\/de\/wp-json\/wp\/v2\/comments?post=82"}],"version-history":[{"count":21,"href":"https:\/\/www.velocite.ch\/de\/wp-json\/wp\/v2\/pages\/82\/revisions"}],"predecessor-version":[{"id":1848,"href":"https:\/\/www.velocite.ch\/de\/wp-json\/wp\/v2\/pages\/82\/revisions\/1848"}],"wp:attachment":[{"href":"https:\/\/www.velocite.ch\/de\/wp-json\/wp\/v2\/media?parent=82"}],"curies":[{"name":"wp","href":"https:\/\/api.w.org\/{rel}","templated":true}]}}