{"id":71,"date":"2017-03-21T11:38:17","date_gmt":"2017-03-21T10:38:17","guid":{"rendered":"http:\/\/www.velocite.ch\/?page_id=71"},"modified":"2020-01-31T18:09:54","modified_gmt":"2020-01-31T17:09:54","slug":"partenaires","status":"publish","type":"page","link":"https:\/\/www.velocite.ch\/de\/partenaires\/","title":{"rendered":"PARTNERS"},"content":{"rendered":"<p><iframe loading=\"lazy\" src=\"http:\/\/www.velocite.ch\/maps\/reseauSC.php?token=pk.eyJ1IjoidmVsb2NpdGUiLCJhIjoiY2o3dDZmdWI1NGp0YTJ3cGY4YndlNjlqNSJ9.fW5yT-WDycrCM1IiuVWzdA&amp;style=cj6x9vfs413w92ulh64fmn8f5\" width=\"100%\" height=\"500\" frameborder=\"0\" data-mce-fragment=\"1\"><\/iframe><\/p>\n<h1>Die schnellsten<\/h1>\n<p>Wir arbeiten mit den besten Lieferfirmen der Schweiz zusammen. Unsere Partner erf\u00fcllen die h\u00f6chsten Qualit\u00e4tsstandards und sind echte Profis auf ihrem Gebiet. Fahrradkuriere, Autokuriere und SBB arbeiten Hand in Hand, um Ihre Sendungen so schnell wie m\u00f6glich von A nach B zu bringen.<\/p>\n<p>Velokuriere schl\u00e4ngeln sich sicher und flink durch den Stadtverkehr. Sie erledigen Ihren Transport schnell, zuverl\u00e4ssig und \u00f6kologisch. F\u00fcr gr\u00f6ssere Waren und in entlegenen Regionen setzen wir auf ortskundige Autokuriere. \u00dcber weitere Distanzen reisen swissconnect Expresssendungen per Zug. Dies ist stauresistent, sicher, zuverl\u00e4ssig und schont die Umwelt.<\/p>","protected":false},"excerpt":{"rendered":"<p>Die schnellsten Wir arbeiten mit den besten Lieferfirmen der Schweiz zusammen. Unsere Partner erf\u00fcllen die h\u00f6chsten Qualit\u00e4tsstandards und sind echte Profis auf ihrem Gebiet. Fahrradkuriere, Autokuriere und SBB arbeiten Hand in Hand, um Ihre Sendungen so schnell wie m\u00f6glich von A nach B zu bringen. Velokuriere schl\u00e4ngeln sich sicher und flink durch den Stadtverkehr. Sie [&hellip;]<\/p>\n","protected":false},"author":10,"featured_media":0,"parent":0,"menu_order":0,"comment_status":"closed","ping_status":"closed","template":"","meta":{"footnotes":""},"_links":{"self":[{"href":"https:\/\/www.velocite.ch\/de\/wp-json\/wp\/v2\/pages\/71"}],"collection":[{"href":"https:\/\/www.velocite.ch\/de\/wp-json\/wp\/v2\/pages"}],"about":[{"href":"https:\/\/www.velocite.ch\/de\/wp-json\/wp\/v2\/types\/page"}],"author":[{"embeddable":true,"href":"https:\/\/www.velocite.ch\/de\/wp-json\/wp\/v2\/users\/10"}],"replies":[{"embeddable":true,"href":"https:\/\/www.velocite.ch\/de\/wp-json\/wp\/v2\/comments?post=71"}],"version-history":[{"count":52,"href":"https:\/\/www.velocite.ch\/de\/wp-json\/wp\/v2\/pages\/71\/revisions"}],"predecessor-version":[{"id":1227,"href":"https:\/\/www.velocite.ch\/de\/wp-json\/wp\/v2\/pages\/71\/revisions\/1227"}],"wp:attachment":[{"href":"https:\/\/www.velocite.ch\/de\/wp-json\/wp\/v2\/media?parent=71"}],"curies":[{"name":"wp","href":"https:\/\/api.w.org\/{rel}","templated":true}]}}