{"id":224,"date":"2017-03-23T15:34:31","date_gmt":"2017-03-23T14:34:31","guid":{"rendered":"http:\/\/www.velocite.ch\/?page_id=224"},"modified":"2020-07-09T15:23:36","modified_gmt":"2020-07-09T13:23:36","slug":"a-propos","status":"publish","type":"page","link":"https:\/\/www.velocite.ch\/de\/a-propos\/","title":{"rendered":"\u00dcber uns"},"content":{"rendered":"<p>Wir liefern seit 1999, als v\u00e9locit\u00e9 noch ein einziger Kurier und ein paar Dutzend Kunden hatte.<\/p>\n<p>Im Laufe der Jahre sind wir gewachsen, haben uns dem Swissconnect-Netzwerk angeschlossen, sind mit Poste-it (Yverdon und Neuch\u00e2tel) fusioniert, haben &#8222;Filialen&#8220; in Vevey und Sion gegr\u00fcndet und durch diese Erfahrungen ein echtes Know-how im Bereich der schnellen Lieferung erworben, das es uns erm\u00f6glicht, unseren Kunden einen qualitativ hochwertigen Service zu bieten.<\/p>\n<p>Heute z\u00e4hlt das v\u00e9locit\u00e9-Team mehr als 50 Mitarbeiter, die engagiert, motiviert und bereit sind, das Trikot das ganze Jahr \u00fcber und bei jedem Wetter zu befeuchten und t\u00e4glich mehr als 300 Lieferungen von Hand zu liefern.<\/p>\n<p>Unsere Leidenschaft ist die schnelle, \u00e4u\u00dferst flexible, zuverl\u00e4ssige und effiziente Lieferung. Rufen Sie uns an!<\/p>","protected":false},"excerpt":{"rendered":"<p>Wir liefern seit 1999, als v\u00e9locit\u00e9 noch ein einziger Kurier und ein paar Dutzend Kunden hatte. Im Laufe der Jahre sind wir gewachsen, haben uns dem Swissconnect-Netzwerk angeschlossen, sind mit Poste-it (Yverdon und Neuch\u00e2tel) fusioniert, haben &#8222;Filialen&#8220; in Vevey und Sion gegr\u00fcndet und durch diese Erfahrungen ein echtes Know-how im Bereich der schnellen Lieferung erworben, [&hellip;]<\/p>\n","protected":false},"author":5,"featured_media":0,"parent":0,"menu_order":0,"comment_status":"closed","ping_status":"closed","template":"","meta":{"footnotes":""},"_links":{"self":[{"href":"https:\/\/www.velocite.ch\/de\/wp-json\/wp\/v2\/pages\/224"}],"collection":[{"href":"https:\/\/www.velocite.ch\/de\/wp-json\/wp\/v2\/pages"}],"about":[{"href":"https:\/\/www.velocite.ch\/de\/wp-json\/wp\/v2\/types\/page"}],"author":[{"embeddable":true,"href":"https:\/\/www.velocite.ch\/de\/wp-json\/wp\/v2\/users\/5"}],"replies":[{"embeddable":true,"href":"https:\/\/www.velocite.ch\/de\/wp-json\/wp\/v2\/comments?post=224"}],"version-history":[{"count":11,"href":"https:\/\/www.velocite.ch\/de\/wp-json\/wp\/v2\/pages\/224\/revisions"}],"predecessor-version":[{"id":1700,"href":"https:\/\/www.velocite.ch\/de\/wp-json\/wp\/v2\/pages\/224\/revisions\/1700"}],"wp:attachment":[{"href":"https:\/\/www.velocite.ch\/de\/wp-json\/wp\/v2\/media?parent=224"}],"curies":[{"name":"wp","href":"https:\/\/api.w.org\/{rel}","templated":true}]}}